{"id":2,"date":"2025-04-22T22:56:31","date_gmt":"2025-04-22T20:56:31","guid":{"rendered":"http:\/\/yogcham-sangh-asso.fr\/?page_id=2"},"modified":"2026-04-25T18:14:32","modified_gmt":"2026-04-25T16:14:32","slug":"page-d-exemple","status":"publish","type":"page","link":"https:\/\/yogcham-sangh-asso.fr\/index.php\/page-d-exemple\/","title":{"rendered":"Outils de Partages Digitaux"},"content":{"rendered":"<div class=\"wp-block-image\">\n<figure class=\"aligncenter size-large is-resized\"><img loading=\"lazy\" decoding=\"async\" width=\"1024\" height=\"800\" src=\"https:\/\/yogcham-sangh-asso.fr\/wp-content\/uploads\/2025\/04\/36961464-bca3-4307-aa6a-9e6810c49a89-1024x800.jpg\" alt=\"\" class=\"wp-image-213\" style=\"width:269px;height:auto\" srcset=\"https:\/\/yogcham-sangh-asso.fr\/wp-content\/uploads\/2025\/04\/36961464-bca3-4307-aa6a-9e6810c49a89-1024x800.jpg 1024w, https:\/\/yogcham-sangh-asso.fr\/wp-content\/uploads\/2025\/04\/36961464-bca3-4307-aa6a-9e6810c49a89-300x234.jpg 300w, https:\/\/yogcham-sangh-asso.fr\/wp-content\/uploads\/2025\/04\/36961464-bca3-4307-aa6a-9e6810c49a89-768x600.jpg 768w, https:\/\/yogcham-sangh-asso.fr\/wp-content\/uploads\/2025\/04\/36961464-bca3-4307-aa6a-9e6810c49a89-1536x1200.jpg 1536w, https:\/\/yogcham-sangh-asso.fr\/wp-content\/uploads\/2025\/04\/36961464-bca3-4307-aa6a-9e6810c49a89.jpg 2048w\" sizes=\"auto, (max-width: 1024px) 100vw, 1024px\" \/><\/figure>\n<\/div>\n\n\n<h3 class=\"wp-block-heading\">Ateliers de lecture sur zoom Jung &amp; Laurent Huguelit Les 8 Circuits de Conscience:<\/h3>\n\n\n\n<figure class=\"wp-block-image size-full\"><img loading=\"lazy\" decoding=\"async\" width=\"992\" height=\"368\" src=\"https:\/\/yogcham-sangh-asso.fr\/wp-content\/uploads\/2026\/04\/atelier-lecture-zoom-YSA-jung.jpg\" alt=\"\" class=\"wp-image-291\" srcset=\"https:\/\/yogcham-sangh-asso.fr\/wp-content\/uploads\/2026\/04\/atelier-lecture-zoom-YSA-jung.jpg 992w, https:\/\/yogcham-sangh-asso.fr\/wp-content\/uploads\/2026\/04\/atelier-lecture-zoom-YSA-jung-300x111.jpg 300w, https:\/\/yogcham-sangh-asso.fr\/wp-content\/uploads\/2026\/04\/atelier-lecture-zoom-YSA-jung-768x285.jpg 768w\" sizes=\"auto, (max-width: 992px) 100vw, 992px\" \/><\/figure>\n\n\n\n<p>Prochaine r\u00e9union le jeudi 21 mai \u00e0 20h: <\/p>\n\n\n\n<p>Lien Zoom: <a href=\"https:\/\/us02web.zoom.us\/j\/85253017398\">https:\/\/us02web.zoom.us\/j\/88206945578?pwd=fz0bSc3cdp9FgGQwaIhiGFaOaqoBG5.1<\/a><\/p>\n\n\n<div class=\"wp-block-image\">\n<figure class=\"aligncenter size-large is-resized\"><img loading=\"lazy\" decoding=\"async\" width=\"746\" height=\"1024\" src=\"https:\/\/yogcham-sangh-asso.fr\/wp-content\/uploads\/2026\/04\/pdf-atelier-lecture-jung-Ysa-746x1024.jpg\" alt=\"\" class=\"wp-image-292\" style=\"aspect-ratio:0.7285179401305764;width:201px;height:auto\" srcset=\"https:\/\/yogcham-sangh-asso.fr\/wp-content\/uploads\/2026\/04\/pdf-atelier-lecture-jung-Ysa-746x1024.jpg 746w, https:\/\/yogcham-sangh-asso.fr\/wp-content\/uploads\/2026\/04\/pdf-atelier-lecture-jung-Ysa-219x300.jpg 219w, https:\/\/yogcham-sangh-asso.fr\/wp-content\/uploads\/2026\/04\/pdf-atelier-lecture-jung-Ysa-768x1054.jpg 768w, https:\/\/yogcham-sangh-asso.fr\/wp-content\/uploads\/2026\/04\/pdf-atelier-lecture-jung-Ysa.jpg 828w\" sizes=\"auto, (max-width: 746px) 100vw, 746px\" \/><\/figure>\n<\/div>\n\n\n<h3 class=\"wp-block-heading\">R\u00e9union mensuelle ZOOM YSA 21h :<\/h3>\n\n\n\n<p>R\u00e9union Zoom YSA le Lundi 1er Juin \u00e0 21h: \ud83c\udf1f<a href=\"https:\/\/us02web.zoom.us\/j\/83719354527\">https:\/\/us02web.zoom.us\/j\/83719354527<\/a>\ud83c\udf1f<\/p>\n\n\n<div class=\"wp-block-image\">\n<figure class=\"aligncenter size-full is-resized\"><img loading=\"lazy\" decoding=\"async\" width=\"1200\" height=\"1326\" src=\"https:\/\/yogcham-sangh-asso.fr\/wp-content\/uploads\/2026\/04\/ysa-metavers.avif\" alt=\"\" class=\"wp-image-297\" style=\"width:332px;height:auto\"\/><figcaption class=\"wp-element-caption\">\u00ab\u00a0La Visi\u00f3n del arco Iris, el mundo amarillo\u00a0\u00bb, Rold\u00e1n Pinedo\/Shoyan Sh\u00ebca, 2022. Acrylique sur toile, 170\u00d7150cm. Collection Harry Pinedo Valera et Rold\u00e1n Pinedo Lopez.\u00a0Courtesy de l\u2019artiste<\/figcaption><\/figure>\n<\/div>\n\n\n<p>Le th\u00e8me de la r\u00e9union sera dans la continuit\u00e9 des explorations chamaniques des pr\u00e9c\u00e9dentes r\u00e9unions  12 f\u00e9vrier et 9 avril derniers.<\/p>\n\n\n\n<p>Nous avions fait des voyages chamaniques \u00ab\u00a0digitaux\u00a0\u00bb dans le m\u00e9tavers afin de cr\u00e9er une salle de pratique \u00ab\u00a0immat\u00e9rielle\u00a0\u00bb \u00e0 l\u2019int\u00e9rieur de laquelle il \u00e9tait question de se retrouver.<\/p>\n\n\n\n<p>Nous vous enverrons comme la derni\u00e8re fois, en d\u00e9but de r\u00e9union un fichier audio qui nous permettra de faire ce fameux voyage, tous ensembles, avec le m\u00eame son de battements de tambours.<\/p>\n\n\n\n<p>Hyper simple, back to basic.<\/p>\n\n\n\n<p>L\u2019id\u00e9al serait que vous disposiez de 3 postes de connexion:<\/p>\n\n\n\n<p>votre pc ou MacBook pour participer \u00e0 la r\u00e9union.<br>Votre t\u00e9l\u00e9phone avec un casque ou des \u00e9couteurs pour \u00e9couter l\u2019audio lorsque nous ferons le voyage chamanique.<br>Un petit cristal de roche ou une pierre de votre choix<\/p>\n\n\n\n<p>Venez tel.les que vous \u00eates, avec ou sans ce mat\u00e9riel, avec vos difficult\u00e9s, vos questions et vos pbs techniques. Cela nous donnera l\u2019opportunit\u00e9 d\u2019affiner nos process.<\/p>\n\n\n\n<h3 class=\"wp-block-heading\">Groupe de discussions sur Whatsapp:<\/h3>\n\n\n\n<p>pour obtenir le lien du groupe whatsapp, envoyez un email sur contact@yogcham-sangh-asso.fr<\/p>\n\n\n\n<h3 class=\"wp-block-heading\">Groupe de discussions sur Telegram:<\/h3>\n\n\n\n<p>pour obtenir le lien du groupe whatsapp, envoyez un email sur contact@yogcham-sangh-asso.fr<br><\/p>\n\n\n<div class=\"wp-block-image\">\n<figure class=\"aligncenter size-full is-resized\"><img loading=\"lazy\" decoding=\"async\" width=\"594\" height=\"632\" src=\"https:\/\/yogcham-sangh-asso.fr\/wp-content\/uploads\/2025\/04\/coeur-zoom.jpg\" alt=\"\" class=\"wp-image-125\" style=\"width:224px;height:auto\" srcset=\"https:\/\/yogcham-sangh-asso.fr\/wp-content\/uploads\/2025\/04\/coeur-zoom.jpg 594w, https:\/\/yogcham-sangh-asso.fr\/wp-content\/uploads\/2025\/04\/coeur-zoom-282x300.jpg 282w\" sizes=\"auto, (max-width: 594px) 100vw, 594px\" \/><\/figure>\n<\/div>\n\n\n<p><\/p>\n","protected":false},"excerpt":{"rendered":"<p>Ateliers de lecture sur zoom Jung &amp; Laurent Huguelit Les 8 Circuits de Conscience: Prochaine r\u00e9union le jeudi 21 mai \u00e0 20h: Lien Zoom: https:\/\/us02web.zoom.us\/j\/88206945578?pwd=fz0bSc3cdp9FgGQwaIhiGFaOaqoBG5.1 R\u00e9union mensuelle ZOOM YSA 21h : R\u00e9union Zoom YSA le Lundi 1er Juin \u00e0 21h: &hellip; <a href=\"https:\/\/yogcham-sangh-asso.fr\/index.php\/page-d-exemple\/\">Lire la suite\u00ad\u00ad<\/a><\/p>\n","protected":false},"author":1,"featured_media":0,"parent":0,"menu_order":0,"comment_status":"closed","ping_status":"open","template":"","meta":{"kt_blocks_editor_width":"","footnotes":""},"class_list":["post-2","page","type-page","status-publish","hentry"],"_links":{"self":[{"href":"https:\/\/yogcham-sangh-asso.fr\/index.php\/wp-json\/wp\/v2\/pages\/2","targetHints":{"allow":["GET"]}}],"collection":[{"href":"https:\/\/yogcham-sangh-asso.fr\/index.php\/wp-json\/wp\/v2\/pages"}],"about":[{"href":"https:\/\/yogcham-sangh-asso.fr\/index.php\/wp-json\/wp\/v2\/types\/page"}],"author":[{"embeddable":true,"href":"https:\/\/yogcham-sangh-asso.fr\/index.php\/wp-json\/wp\/v2\/users\/1"}],"replies":[{"embeddable":true,"href":"https:\/\/yogcham-sangh-asso.fr\/index.php\/wp-json\/wp\/v2\/comments?post=2"}],"version-history":[{"count":27,"href":"https:\/\/yogcham-sangh-asso.fr\/index.php\/wp-json\/wp\/v2\/pages\/2\/revisions"}],"predecessor-version":[{"id":300,"href":"https:\/\/yogcham-sangh-asso.fr\/index.php\/wp-json\/wp\/v2\/pages\/2\/revisions\/300"}],"wp:attachment":[{"href":"https:\/\/yogcham-sangh-asso.fr\/index.php\/wp-json\/wp\/v2\/media?parent=2"}],"curies":[{"name":"wp","href":"https:\/\/api.w.org\/{rel}","templated":true}]}}