{"id":118,"date":"2025-04-23T16:08:26","date_gmt":"2025-04-23T14:08:26","guid":{"rendered":"https:\/\/yogcham-sangh-asso.fr\/?page_id=118"},"modified":"2025-04-27T14:03:56","modified_gmt":"2025-04-27T12:03:56","slug":"formulaire-dadhesion","status":"publish","type":"page","link":"https:\/\/yogcham-sangh-asso.fr\/index.php\/formulaire-dadhesion\/","title":{"rendered":"Formulaire d&rsquo;adh\u00e9sion"},"content":{"rendered":"\n<p class=\"has-text-align-center\">Pour adh\u00e9rer \u00e0 l&rsquo;association, vous pouvez cliquer sur le lien ci-dessous et remplir le formulaire en ligne:<\/p>\n\n\n\n<h2 class=\"wp-block-heading has-text-align-center\"><a href=\"https:\/\/forms.gle\/588tuYJpuK6QykXTA\"><strong>https:\/\/forms.gle\/588tuYJpuK6QykXTA<\/strong><\/a><\/h2>\n\n\n\n<p>Ou nous renvoyer par courrier la version papier de ce document \u00e0 t\u00e9l\u00e9charger en cliquant sur le lien ci-dessous:<\/p>\n\n\n\n<div data-wp-interactive=\"core\/file\" class=\"wp-block-file\"><object data-wp-bind--hidden=\"!state.hasPdfPreview\" hidden class=\"wp-block-file__embed\" data=\"https:\/\/yogcham-sangh-asso.fr\/wp-content\/uploads\/2025\/04\/Formulaire-dadhesion-YSA-Yogcham-Sangh-Asso-3.pdf\" type=\"application\/pdf\" style=\"width:100%;height:600px\" aria-label=\"Contenu embarqu\u00e9 Formulaire d&apos;adhe\u0301sion YSA Yog&amp;cham Sangh Asso.\"><\/object><a id=\"wp-block-file--media-d4bc178f-d731-4793-a806-52d8323f97a3\" href=\"https:\/\/yogcham-sangh-asso.fr\/wp-content\/uploads\/2025\/04\/Formulaire-dadhesion-YSA-Yogcham-Sangh-Asso-3.pdf\">Formulaire d&rsquo;adhe\u0301sion YSA Yog&#038;cham Sangh Asso<\/a><a href=\"https:\/\/yogcham-sangh-asso.fr\/wp-content\/uploads\/2025\/04\/Formulaire-dadhesion-YSA-Yogcham-Sangh-Asso-3.pdf\" class=\"wp-block-file__button wp-element-button\" download aria-describedby=\"wp-block-file--media-d4bc178f-d731-4793-a806-52d8323f97a3\">T\u00e9l\u00e9charger<\/a><\/div>\n","protected":false},"excerpt":{"rendered":"<p>Pour adh\u00e9rer \u00e0 l&rsquo;association, vous pouvez cliquer sur le lien ci-dessous et remplir le formulaire en ligne: https:\/\/forms.gle\/588tuYJpuK6QykXTA Ou nous renvoyer par courrier la version papier de ce document \u00e0 t\u00e9l\u00e9charger en cliquant sur le lien ci-dessous:<\/p>\n","protected":false},"author":1,"featured_media":0,"parent":0,"menu_order":0,"comment_status":"closed","ping_status":"closed","template":"","meta":{"kt_blocks_editor_width":"","footnotes":""},"class_list":["post-118","page","type-page","status-publish","hentry"],"_links":{"self":[{"href":"https:\/\/yogcham-sangh-asso.fr\/index.php\/wp-json\/wp\/v2\/pages\/118","targetHints":{"allow":["GET"]}}],"collection":[{"href":"https:\/\/yogcham-sangh-asso.fr\/index.php\/wp-json\/wp\/v2\/pages"}],"about":[{"href":"https:\/\/yogcham-sangh-asso.fr\/index.php\/wp-json\/wp\/v2\/types\/page"}],"author":[{"embeddable":true,"href":"https:\/\/yogcham-sangh-asso.fr\/index.php\/wp-json\/wp\/v2\/users\/1"}],"replies":[{"embeddable":true,"href":"https:\/\/yogcham-sangh-asso.fr\/index.php\/wp-json\/wp\/v2\/comments?post=118"}],"version-history":[{"count":7,"href":"https:\/\/yogcham-sangh-asso.fr\/index.php\/wp-json\/wp\/v2\/pages\/118\/revisions"}],"predecessor-version":[{"id":224,"href":"https:\/\/yogcham-sangh-asso.fr\/index.php\/wp-json\/wp\/v2\/pages\/118\/revisions\/224"}],"wp:attachment":[{"href":"https:\/\/yogcham-sangh-asso.fr\/index.php\/wp-json\/wp\/v2\/media?parent=118"}],"curies":[{"name":"wp","href":"https:\/\/api.w.org\/{rel}","templated":true}]}}